{"id":13509,"date":"2024-11-28T16:46:09","date_gmt":"2024-11-28T16:46:09","guid":{"rendered":"https:\/\/nievesenergia.com\/politica-de-cookies\/"},"modified":"2025-09-05T07:24:31","modified_gmt":"2025-09-05T07:24:31","slug":"politica-de-cookies","status":"publish","type":"page","link":"https:\/\/nievesenergia.com\/ca\/politica-de-cookies\/","title":{"rendered":"Pol\u00edtica de galetes (Cookies)"},"content":{"rendered":"\t\t<div data-elementor-type=\"wp-page\" data-elementor-id=\"13509\" class=\"elementor elementor-13509 elementor-2106\" data-elementor-post-type=\"page\">\n\t\t\t\t<div class=\"elementor-element elementor-element-db3d9e8 e-flex e-con-boxed e-con e-parent\" data-id=\"db3d9e8\" data-element_type=\"container\" data-e-type=\"container\" data-settings=\"{&quot;background_background&quot;:&quot;classic&quot;,&quot;jet_parallax_layout_list&quot;:[]}\">\n\t\t\t\t\t<div class=\"e-con-inner\">\n\t\t<div class=\"elementor-element elementor-element-62ed0ce e-con-full e-flex e-con e-child\" data-id=\"62ed0ce\" data-element_type=\"container\" data-e-type=\"container\" data-settings=\"{&quot;jet_parallax_layout_list&quot;:[]}\">\n\t\t\t\t<div class=\"elementor-element elementor-element-ff04848 elementor-widget elementor-widget-heading\" data-id=\"ff04848\" data-element_type=\"widget\" data-e-type=\"widget\" data-widget_type=\"heading.default\">\n\t\t\t\t\t<h1 class=\"elementor-heading-title elementor-size-default\">Pol\u00edtica de galetes (Cookies)<\/h1>\t\t\t\t<\/div>\n\t\t\t\t<div class=\"elementor-element elementor-element-095e149 elementor-widget elementor-widget-text-editor\" data-id=\"095e149\" data-element_type=\"widget\" data-e-type=\"widget\" data-widget_type=\"text-editor.default\">\n\t\t\t\t\t\t\t\t\t<p>La p\u00e0gina web <a href=\"https:\/\/www.nievesenergia.com\/\">https:\/\/www.nievesenergia.com\/<\/a> (el \u201c<strong>Lloc web<\/strong>\u201d), del qual \u00e9s titular i responsable NIEVES FAMILY CORPORATION, S.L. (\u201c<strong>Nieves<\/strong>\u201d), utilitza cookies amb les finalitats que s&#8217;estableixen en la present pol\u00edtica.<\/p><p>A continuaci\u00f3, podr\u00e0 trobar m\u00e9s informaci\u00f3 respecte a les cookies utilitzades en aquest Lloc web per a la recopilaci\u00f3 de dades, com revocar el consentiment prestat i informaci\u00f3 addicional relativa al tractament de dades personals derivat de l&#8217;\u00fas de cookies per part de Nieves.<\/p><h2>1. Responsable del tractament<\/h2><p>Nieves, amb domicili en Carrer Cam\u00ed Ral, 73 &#8211; 75, Esparreguera, 08292 Barcelona, \u00e9s responsable del tractament de les dades personals dels usuaris que es recullin o generin a conseq\u00fc\u00e8ncia de l&#8217;acc\u00e9s i \u00fas del Lloc web.<\/p><p>Pot contactar amb Nieves a trav\u00e9s de qualsevol dels seg\u00fcents mitjans de contacte:<\/p><ul><li><strong>Domicili:<\/strong> Carrer Cam\u00ed Ral, 73 &#8211; 75, Esparreguera, 08292 Barcelona.<\/li><li><strong>Tel\u00e8fon:<\/strong> 900 500 111.<\/li><li><strong>Adre\u00e7a de correu electr\u00f2nic<\/strong>: info@nievesenergia.com.<\/li><\/ul><p>Aix\u00ed mateix, pot contactar amb el delegat de protecci\u00f3 de dades de Nieves a trav\u00e9s de l&#8217;adre\u00e7a de correu electr\u00f2nic <a href=\"mailto:protecciondedatos@nievesenergia.com\">protecciondedatos@nievesenergia.com<\/a>.<\/p><h2>2. Qu\u00e8 es una cookie?<\/h2><p>Una cookie \u00e9s un fitxer que es descarrega en l&#8217;ordinador o en el dispositiu de l&#8217;usuari (p. ex. m\u00f2bil o <em>tauleta<\/em>) en accedir a determinades p\u00e0gines web per a emmagatzemar i recuperar informaci\u00f3 (incloent dades personals com l&#8217;adre\u00e7a IP) sobre la seva navegaci\u00f3. En general, aquestes tecnologies poden servir per a finalitats molt diverses com, per exemple, recon\u00e8ixer-te com a usuari, obtenir informaci\u00f3 sobre els teus h\u00e0bits de navegaci\u00f3, o personalitzar la forma en qu\u00e8 es mostra el contingut. No obstant aix\u00f2, la seva finalitat principal \u00e9s recon\u00e8ixer a l&#8217;usuari cada vegada que accedeixi al Lloc web i crear perfils basats en els h\u00e0bits de navegaci\u00f3 de l&#8217;usuari en el Lloc web i en Internet. Existeixen altres tecnologies similars a les cookies per a la recopilaci\u00f3 d&#8217;informaci\u00f3 a trav\u00e9s de l&#8217;\u00fas de la p\u00e0gina web com, per exemple, els <em>tracking p\u00edxels<\/em> o els <em>web beacons<\/em>. Aquestes tecnologies permeten saber si s&#8217;ha obert un determinat correu electr\u00f2nic o si s&#8217;ha interactuat amb un contingut web, per exemple.     <\/p><p>Els usos concrets que fem d&#8217;aquestes tecnologies es descriuen a continuaci\u00f3.<\/p><h2>3. Tipus de cookies utilitzades en aquesta web i finalitats<\/h2><p>En aquest Lloc web es permeten \u00fanicament la utilitzaci\u00f3 de les cookies indicades a continuaci\u00f3. Pot rebutjar la instal\u00b7laci\u00f3 de totes les cookies (a excepci\u00f3 de les cookies necess\u00e0ries) modificant les seves prefer\u00e8ncies en el bot\u00f3 situat en la part inferior esquerra de la web. <\/p>\t\t\t\t\t\t\t\t<\/div>\n\t\t\t\t<div class=\"elementor-element elementor-element-29709d3 elementor-widget elementor-widget-text-editor\" data-id=\"29709d3\" data-element_type=\"widget\" data-e-type=\"widget\" data-widget_type=\"text-editor.default\">\n\t\t\t\t\t\t\t\t\t<div class=\"cky-audit-table-element\"><\/div>\t\t\t\t\t\t\t\t<\/div>\n\t\t\t\t<div class=\"elementor-element elementor-element-7611fd5 elementor-widget elementor-widget-text-editor\" data-id=\"7611fd5\" data-element_type=\"widget\" data-e-type=\"widget\" data-widget_type=\"text-editor.default\">\n\t\t\t\t\t\t\t\t\t<h2>4. Base jur\u00eddica<\/h2><p>El tractament de les seves dades personals \u00e9s necessari per a les finalitats indicades anteriorment i la seva base jur\u00eddica \u00e9s el consentiment de l&#8217;usuari, que atorga quan accepta el seu \u00fas a trav\u00e9s del bot\u00f3 habilitat a tals efectes, excepte en el cas de les cookies necess\u00e0ries per a les quals no \u00e9s necessari el consentiment de l&#8217;usuari, ja que resulten indispensables per a poder navegar pel Lloc web. En tot cas, de conformitat amb el que s&#8217;estableix en l&#8217;apartat 7 seg\u00fcent, l&#8217;usuari pot revocar el consentiment donat en qualsevol moment sense que aquesta revocaci\u00f3 afecti la navegaci\u00f3 en aquest Lloc web. <\/p><h2>5. Termini de conservaci\u00f3<\/h2><p>Els terminis de conservaci\u00f3 de les cookies dependran de la cookie i del seu titular. Pot trobar m\u00e9s informaci\u00f3 sobre aquests terminis referint-se a la taula que trobar\u00e0 en l&#8217;apartat 3 d&#8217;aquesta pol\u00edtica. <\/p><h2>6. Cessions i transfer\u00e8ncies internacionals de dades<\/h2><p>L&#8217;usuari queda informat que Google, Inc. (responsable de les cookies indicades anteriorment) est\u00e0 situat fora de l&#8217;Espai Econ\u00f2mic Europeu (\u201c<strong>EEE<\/strong>\u201d) als EUA i que \u00e9s un participant actiu del Marc de Privacitat de Dades UE-EUA (EU-US Data Privacy Framework) (<a href=\"https:\/\/www.aepd.es\/derechos-y-deberes\/conoce-tus-derechos\/derechos-schengen-y-marco-de-privacidad-ue-ee.uu\">Drets Schengen i Marco de Privacitat UE-EUA | AEPD<\/a>).  <\/p><p>Pots obtenir m\u00e9s informaci\u00f3 sobre aquest tema a trav\u00e9s dels enlla\u00e7os localitzats en l&#8217;apartat 3 d&#8217;aquesta pol\u00edtica.<\/p><p>Aix\u00ed mateix, les seves dades podran ser comunicats a autoritats competents en l&#8217;exercici de les seves funcions.<\/p><h2>7. Desactivaci\u00f3 de cookies<\/h2><p>Aquest Lloc web \u00e9s accessible sense necessitat que les anteriors cookies estiguin activades. Pot desactivar la instal\u00b7laci\u00f3 de les cookies \u2014menys les cookies necess\u00e0ries\u2014 seguint algun dels seg\u00fcents m\u00e8todes: <\/p><ul><li>El bot\u00f3 situat en la part inferior esquerra de la web on pot modificar les seves prefer\u00e8ncies de Cookies.<\/li><li>El sistema de retirada de consentiment de Google, Inc. a trav\u00e9s del seg\u00fcent enlla\u00e7 <a href=\"https:\/\/tools.google.com\/dlpage\/gaoptout?hl=es\">https:\/\/tools.google.com\/dlpage\/gaoptout?hl=es.<\/a> <\/li><li>Les opcions de configuraci\u00f3 disponibles en el navegador que l&#8217;usuari estigui utilitzant. El procediment per a la revocaci\u00f3 i eliminaci\u00f3 de les cookies pot consultar-se a trav\u00e9s dels seg\u00fcents enlla\u00e7os als llocs de suport oficials dels principals navegadors perqu\u00e8 l&#8217;usuari pugui decidir si desitja acceptar l&#8217;\u00fas de cookies, rebutjar-lo o b\u00e9 configurar les cookies: <\/li><li>Firefox: <a href=\"https:\/\/support.mozilla.org\/es\/search?q=deshabilitar+cookies\">https:\/\/support.mozilla.org\/es\/search?q=deshabilitar+cookies<\/a><\/li><li>Chrome: <a href=\"http:\/\/support.google.com\/chrome\/bin\/answer.py?hl=es&amp;answer=95647\">http:\/\/support.google.com\/chrome\/bin\/answer.py?hl=es&amp;answer=95647<\/a><\/li><li>Explorer: <a href=\"https:\/\/support.microsoft.com\/es-es\/help\/17442\/windows-internet-explorer-delete-manage-cookies\">https:\/\/support.microsoft.com\/es-es\/help\/17442\/windows-internet-explorer-delete-manage-cookies<\/a><\/li><li>Safari: <a href=\"https:\/\/support.apple.com\/es-es\/HT201265\">https:\/\/support.apple.com\/es-es\/HT201265<\/a><\/li><li>Opera: <a href=\"https:\/\/help.opera.com\/en\/latest\/web-preferences\/#cookies\">https:\/\/help.opera.com\/en\/latest\/web-preferences\/#cookies<\/a><\/li><\/ul><div> <\/div><div> <\/div><h2>8. Dret dels usuaris<\/h2><p>L&#8217;usuari pot exercitar el seu dret d&#8217;acc\u00e9s, rectificaci\u00f3, supressi\u00f3, oposici\u00f3 al tractament, limitaci\u00f3 del tractament, portabilitat, a no ser objecte de decisions individuals automatitzades i a retirar el consentiment pr\u00e8viament atorgat, remetent una sol\u00b7licitud mitjan\u00e7ant un correu electr\u00f2nic a l&#8217;adre\u00e7a <a href=\"mailto:protecciondedatos@nievesenergia.com\">protecciondedatos@nievesenergia.com<\/a>.<\/p><p>Aix\u00ed mateix, l&#8217;usuari t\u00e9 dret a presentar una reclamaci\u00f3 davant l&#8217;autoritat de control competent en mat\u00e8ria de protecci\u00f3 de dades, que a Espanya \u00e9s l&#8217;Ag\u00e8ncia Espanyola de Protecci\u00f3 de Dades (<a href=\"http:\/\/www.aepd.es\">www.aepd.es<\/a>).<\/p><p><strong>\u00daltima revisi\u00f3: juny de 2025<\/strong><\/p><p><strong>Barcelona, \u00a9 NIEVES FAMILY CORPORATION, S.L., Prohibida la seva reproducci\u00f3 total o parcial. Reservats tots els drets. <\/strong><\/p>\t\t\t\t\t\t\t\t<\/div>\n\t\t\t\t<\/div>\n\t\t\t\t\t<\/div>\n\t\t\t\t<\/div>\n\t\t\t\t<\/div>\n\t\t","protected":false},"excerpt":{"rendered":"<p>Pol\u00edtica de galetes (Cookies) La p\u00e0gina web https:\/\/www.nievesenergia.com\/ (el \u201cLloc web\u201d), del qual \u00e9s titular i responsable NIEVES FAMILY CORPORATION, S.L. (\u201cNieves\u201d), utilitza cookies amb les finalitats que s&#8217;estableixen en la present pol\u00edtica. A continuaci\u00f3, podr\u00e0 trobar m\u00e9s informaci\u00f3 respecte a les cookies utilitzades en aquest Lloc web per a la recopilaci\u00f3 de dades, com [&hellip;]<\/p>\n","protected":false},"author":3,"featured_media":15041,"parent":0,"menu_order":0,"comment_status":"closed","ping_status":"closed","template":"","meta":{"_jet_sm_ready_style":"","_jet_sm_style":"","_jet_sm_controls_values":"","_jet_sm_fonts_collection":"","_jet_sm_fonts_links":"","footnotes":""},"class_list":["post-13509","page","type-page","status-publish","has-post-thumbnail","hentry"],"yoast_head":"<!-- This site is optimized with the Yoast SEO plugin v27.5 - https:\/\/yoast.com\/product\/yoast-seo-wordpress\/ -->\n<title>Pol\u00edtica de galetes (Cookies) - Nieves Energia<\/title>\n<meta name=\"robots\" content=\"index, follow, max-snippet:-1, max-image-preview:large, max-video-preview:-1\" \/>\n<link rel=\"canonical\" href=\"https:\/\/nievesenergia.com\/ca\/politica-de-cookies\/\" \/>\n<meta property=\"og:locale\" content=\"ca_ES\" \/>\n<meta property=\"og:type\" content=\"article\" \/>\n<meta property=\"og:title\" content=\"Pol\u00edtica de galetes (Cookies) - Nieves Energia\" \/>\n<meta property=\"og:description\" content=\"Pol\u00edtica de galetes (Cookies) La p\u00e0gina web https:\/\/www.nievesenergia.com\/ (el \u201cLloc web\u201d), del qual \u00e9s titular i responsable NIEVES FAMILY CORPORATION, S.L. (\u201cNieves\u201d), utilitza cookies amb les finalitats que s&#8217;estableixen en la present pol\u00edtica. A continuaci\u00f3, podr\u00e0 trobar m\u00e9s informaci\u00f3 respecte a les cookies utilitzades en aquest Lloc web per a la recopilaci\u00f3 de dades, com [&hellip;]\" \/>\n<meta property=\"og:url\" content=\"https:\/\/nievesenergia.com\/ca\/politica-de-cookies\/\" \/>\n<meta property=\"og:site_name\" content=\"Nieves Energia\" \/>\n<meta property=\"article:publisher\" content=\"https:\/\/www.facebook.com\/nievesenergia\" \/>\n<meta property=\"article:modified_time\" content=\"2025-09-05T07:24:31+00:00\" \/>\n<meta property=\"og:image\" content=\"https:\/\/nievesenergia.com\/wp-content\/uploads\/2025\/08\/10273-PET_logotipo-blanco_naranja_NIEVES-CMYK.jpg\" \/>\n\t<meta property=\"og:image:width\" content=\"1576\" \/>\n\t<meta property=\"og:image:height\" content=\"1576\" \/>\n\t<meta property=\"og:image:type\" content=\"image\/jpeg\" \/>\n<meta name=\"twitter:card\" content=\"summary_large_image\" \/>\n<meta name=\"twitter:label1\" content=\"Temps estimat de lectura\" \/>\n\t<meta name=\"twitter:data1\" content=\"5 minuts\" \/>\n<script type=\"application\/ld+json\" class=\"yoast-schema-graph\">{\"@context\":\"https:\\\/\\\/schema.org\",\"@graph\":[{\"@type\":\"WebPage\",\"@id\":\"https:\\\/\\\/nievesenergia.com\\\/ca\\\/politica-de-cookies\\\/\",\"url\":\"https:\\\/\\\/nievesenergia.com\\\/ca\\\/politica-de-cookies\\\/\",\"name\":\"Pol\u00edtica de galetes (Cookies) - Nieves Energia\",\"isPartOf\":{\"@id\":\"https:\\\/\\\/nievesenergia.com\\\/ca\\\/#website\"},\"primaryImageOfPage\":{\"@id\":\"https:\\\/\\\/nievesenergia.com\\\/ca\\\/politica-de-cookies\\\/#primaryimage\"},\"image\":{\"@id\":\"https:\\\/\\\/nievesenergia.com\\\/ca\\\/politica-de-cookies\\\/#primaryimage\"},\"thumbnailUrl\":\"https:\\\/\\\/nievesenergia.com\\\/wp-content\\\/uploads\\\/2025\\\/08\\\/10273-PET_logotipo-blanco_naranja_NIEVES-CMYK.jpg\",\"datePublished\":\"2024-11-28T16:46:09+00:00\",\"dateModified\":\"2025-09-05T07:24:31+00:00\",\"breadcrumb\":{\"@id\":\"https:\\\/\\\/nievesenergia.com\\\/ca\\\/politica-de-cookies\\\/#breadcrumb\"},\"inLanguage\":\"ca\",\"potentialAction\":[{\"@type\":\"ReadAction\",\"target\":[\"https:\\\/\\\/nievesenergia.com\\\/ca\\\/politica-de-cookies\\\/\"]}]},{\"@type\":\"ImageObject\",\"inLanguage\":\"ca\",\"@id\":\"https:\\\/\\\/nievesenergia.com\\\/ca\\\/politica-de-cookies\\\/#primaryimage\",\"url\":\"https:\\\/\\\/nievesenergia.com\\\/wp-content\\\/uploads\\\/2025\\\/08\\\/10273-PET_logotipo-blanco_naranja_NIEVES-CMYK.jpg\",\"contentUrl\":\"https:\\\/\\\/nievesenergia.com\\\/wp-content\\\/uploads\\\/2025\\\/08\\\/10273-PET_logotipo-blanco_naranja_NIEVES-CMYK.jpg\",\"width\":1576,\"height\":1576},{\"@type\":\"BreadcrumbList\",\"@id\":\"https:\\\/\\\/nievesenergia.com\\\/ca\\\/politica-de-cookies\\\/#breadcrumb\",\"itemListElement\":[{\"@type\":\"ListItem\",\"position\":1,\"name\":\"Home\",\"item\":\"https:\\\/\\\/nievesenergia.com\\\/ca\\\/\"},{\"@type\":\"ListItem\",\"position\":2,\"name\":\"Pol\u00edtica de galetes (Cookies)\"}]},{\"@type\":\"WebSite\",\"@id\":\"https:\\\/\\\/nievesenergia.com\\\/ca\\\/#website\",\"url\":\"https:\\\/\\\/nievesenergia.com\\\/ca\\\/\",\"name\":\"Nieves Energia\",\"description\":\"Nieves Energia - Familia de Energ\u00edas\",\"publisher\":{\"@id\":\"https:\\\/\\\/nievesenergia.com\\\/ca\\\/#organization\"},\"potentialAction\":[{\"@type\":\"SearchAction\",\"target\":{\"@type\":\"EntryPoint\",\"urlTemplate\":\"https:\\\/\\\/nievesenergia.com\\\/ca\\\/?s={search_term_string}\"},\"query-input\":{\"@type\":\"PropertyValueSpecification\",\"valueRequired\":true,\"valueName\":\"search_term_string\"}}],\"inLanguage\":\"ca\"},{\"@type\":\"Organization\",\"@id\":\"https:\\\/\\\/nievesenergia.com\\\/ca\\\/#organization\",\"name\":\"Nieves Energia\",\"url\":\"https:\\\/\\\/nievesenergia.com\\\/ca\\\/\",\"logo\":{\"@type\":\"ImageObject\",\"inLanguage\":\"ca\",\"@id\":\"https:\\\/\\\/nievesenergia.com\\\/ca\\\/#\\\/schema\\\/logo\\\/image\\\/\",\"url\":\"https:\\\/\\\/nievesenergia.com\\\/wp-content\\\/uploads\\\/2025\\\/08\\\/10273-PET_logotipo-blanco_naranja_NIEVES-CMYK.jpg\",\"contentUrl\":\"https:\\\/\\\/nievesenergia.com\\\/wp-content\\\/uploads\\\/2025\\\/08\\\/10273-PET_logotipo-blanco_naranja_NIEVES-CMYK.jpg\",\"width\":1576,\"height\":1576,\"caption\":\"Nieves Energia\"},\"image\":{\"@id\":\"https:\\\/\\\/nievesenergia.com\\\/ca\\\/#\\\/schema\\\/logo\\\/image\\\/\"},\"sameAs\":[\"https:\\\/\\\/www.facebook.com\\\/nievesenergia\",\"https:\\\/\\\/www.instagram.com\\\/nievesenergia\",\"https:\\\/\\\/www.linkedin.com\\\/company\\\/5115026\\\/admin\\\/dashboard\\\/\"]}]}<\/script>\n<!-- \/ Yoast SEO plugin. -->","yoast_head_json":{"title":"Pol\u00edtica de galetes (Cookies) - Nieves Energia","robots":{"index":"index","follow":"follow","max-snippet":"max-snippet:-1","max-image-preview":"max-image-preview:large","max-video-preview":"max-video-preview:-1"},"canonical":"https:\/\/nievesenergia.com\/ca\/politica-de-cookies\/","og_locale":"ca_ES","og_type":"article","og_title":"Pol\u00edtica de galetes (Cookies) - Nieves Energia","og_description":"Pol\u00edtica de galetes (Cookies) La p\u00e0gina web https:\/\/www.nievesenergia.com\/ (el \u201cLloc web\u201d), del qual \u00e9s titular i responsable NIEVES FAMILY CORPORATION, S.L. (\u201cNieves\u201d), utilitza cookies amb les finalitats que s&#8217;estableixen en la present pol\u00edtica. A continuaci\u00f3, podr\u00e0 trobar m\u00e9s informaci\u00f3 respecte a les cookies utilitzades en aquest Lloc web per a la recopilaci\u00f3 de dades, com [&hellip;]","og_url":"https:\/\/nievesenergia.com\/ca\/politica-de-cookies\/","og_site_name":"Nieves Energia","article_publisher":"https:\/\/www.facebook.com\/nievesenergia","article_modified_time":"2025-09-05T07:24:31+00:00","og_image":[{"width":1576,"height":1576,"url":"https:\/\/nievesenergia.com\/wp-content\/uploads\/2025\/08\/10273-PET_logotipo-blanco_naranja_NIEVES-CMYK.jpg","type":"image\/jpeg"}],"twitter_card":"summary_large_image","twitter_misc":{"Temps estimat de lectura":"5 minuts"},"schema":{"@context":"https:\/\/schema.org","@graph":[{"@type":"WebPage","@id":"https:\/\/nievesenergia.com\/ca\/politica-de-cookies\/","url":"https:\/\/nievesenergia.com\/ca\/politica-de-cookies\/","name":"Pol\u00edtica de galetes (Cookies) - Nieves Energia","isPartOf":{"@id":"https:\/\/nievesenergia.com\/ca\/#website"},"primaryImageOfPage":{"@id":"https:\/\/nievesenergia.com\/ca\/politica-de-cookies\/#primaryimage"},"image":{"@id":"https:\/\/nievesenergia.com\/ca\/politica-de-cookies\/#primaryimage"},"thumbnailUrl":"https:\/\/nievesenergia.com\/wp-content\/uploads\/2025\/08\/10273-PET_logotipo-blanco_naranja_NIEVES-CMYK.jpg","datePublished":"2024-11-28T16:46:09+00:00","dateModified":"2025-09-05T07:24:31+00:00","breadcrumb":{"@id":"https:\/\/nievesenergia.com\/ca\/politica-de-cookies\/#breadcrumb"},"inLanguage":"ca","potentialAction":[{"@type":"ReadAction","target":["https:\/\/nievesenergia.com\/ca\/politica-de-cookies\/"]}]},{"@type":"ImageObject","inLanguage":"ca","@id":"https:\/\/nievesenergia.com\/ca\/politica-de-cookies\/#primaryimage","url":"https:\/\/nievesenergia.com\/wp-content\/uploads\/2025\/08\/10273-PET_logotipo-blanco_naranja_NIEVES-CMYK.jpg","contentUrl":"https:\/\/nievesenergia.com\/wp-content\/uploads\/2025\/08\/10273-PET_logotipo-blanco_naranja_NIEVES-CMYK.jpg","width":1576,"height":1576},{"@type":"BreadcrumbList","@id":"https:\/\/nievesenergia.com\/ca\/politica-de-cookies\/#breadcrumb","itemListElement":[{"@type":"ListItem","position":1,"name":"Home","item":"https:\/\/nievesenergia.com\/ca\/"},{"@type":"ListItem","position":2,"name":"Pol\u00edtica de galetes (Cookies)"}]},{"@type":"WebSite","@id":"https:\/\/nievesenergia.com\/ca\/#website","url":"https:\/\/nievesenergia.com\/ca\/","name":"Nieves Energia","description":"Nieves Energia - Familia de Energ\u00edas","publisher":{"@id":"https:\/\/nievesenergia.com\/ca\/#organization"},"potentialAction":[{"@type":"SearchAction","target":{"@type":"EntryPoint","urlTemplate":"https:\/\/nievesenergia.com\/ca\/?s={search_term_string}"},"query-input":{"@type":"PropertyValueSpecification","valueRequired":true,"valueName":"search_term_string"}}],"inLanguage":"ca"},{"@type":"Organization","@id":"https:\/\/nievesenergia.com\/ca\/#organization","name":"Nieves Energia","url":"https:\/\/nievesenergia.com\/ca\/","logo":{"@type":"ImageObject","inLanguage":"ca","@id":"https:\/\/nievesenergia.com\/ca\/#\/schema\/logo\/image\/","url":"https:\/\/nievesenergia.com\/wp-content\/uploads\/2025\/08\/10273-PET_logotipo-blanco_naranja_NIEVES-CMYK.jpg","contentUrl":"https:\/\/nievesenergia.com\/wp-content\/uploads\/2025\/08\/10273-PET_logotipo-blanco_naranja_NIEVES-CMYK.jpg","width":1576,"height":1576,"caption":"Nieves Energia"},"image":{"@id":"https:\/\/nievesenergia.com\/ca\/#\/schema\/logo\/image\/"},"sameAs":["https:\/\/www.facebook.com\/nievesenergia","https:\/\/www.instagram.com\/nievesenergia","https:\/\/www.linkedin.com\/company\/5115026\/admin\/dashboard\/"]}]}},"_links":{"self":[{"href":"https:\/\/nievesenergia.com\/ca\/wp-json\/wp\/v2\/pages\/13509","targetHints":{"allow":["GET"]}}],"collection":[{"href":"https:\/\/nievesenergia.com\/ca\/wp-json\/wp\/v2\/pages"}],"about":[{"href":"https:\/\/nievesenergia.com\/ca\/wp-json\/wp\/v2\/types\/page"}],"author":[{"embeddable":true,"href":"https:\/\/nievesenergia.com\/ca\/wp-json\/wp\/v2\/users\/3"}],"replies":[{"embeddable":true,"href":"https:\/\/nievesenergia.com\/ca\/wp-json\/wp\/v2\/comments?post=13509"}],"version-history":[{"count":10,"href":"https:\/\/nievesenergia.com\/ca\/wp-json\/wp\/v2\/pages\/13509\/revisions"}],"predecessor-version":[{"id":15579,"href":"https:\/\/nievesenergia.com\/ca\/wp-json\/wp\/v2\/pages\/13509\/revisions\/15579"}],"wp:featuredmedia":[{"embeddable":true,"href":"https:\/\/nievesenergia.com\/ca\/wp-json\/wp\/v2\/media\/15041"}],"wp:attachment":[{"href":"https:\/\/nievesenergia.com\/ca\/wp-json\/wp\/v2\/media?parent=13509"}],"curies":[{"name":"wp","href":"https:\/\/api.w.org\/{rel}","templated":true}]}}