{"id":13524,"date":"2024-11-28T16:56:55","date_gmt":"2024-11-28T16:56:55","guid":{"rendered":"https:\/\/nievesenergia.com\/avis-legal\/"},"modified":"2025-09-04T10:13:37","modified_gmt":"2025-09-04T10:13:37","slug":"avis-legal","status":"publish","type":"page","link":"https:\/\/nievesenergia.com\/ca\/avis-legal\/","title":{"rendered":"Av\u00eds legal"},"content":{"rendered":"\t\t<div data-elementor-type=\"wp-page\" data-elementor-id=\"13524\" class=\"elementor elementor-13524 elementor-2125\" data-elementor-post-type=\"page\">\n\t\t\t\t<div class=\"elementor-element elementor-element-8a8a498 e-flex e-con-boxed e-con e-parent\" data-id=\"8a8a498\" data-element_type=\"container\" data-e-type=\"container\" data-settings=\"{&quot;background_background&quot;:&quot;classic&quot;,&quot;jet_parallax_layout_list&quot;:[]}\">\n\t\t\t\t\t<div class=\"e-con-inner\">\n\t\t\t\t<div class=\"elementor-element elementor-element-58b4088 elementor-widget elementor-widget-heading\" data-id=\"58b4088\" data-element_type=\"widget\" data-e-type=\"widget\" data-widget_type=\"heading.default\">\n\t\t\t\t\t<h1 class=\"elementor-heading-title elementor-size-default\">Av\u00eds legal<\/h1>\t\t\t\t<\/div>\n\t\t\t\t<div class=\"elementor-element elementor-element-871fd87 elementor-widget elementor-widget-text-editor\" data-id=\"871fd87\" data-element_type=\"widget\" data-e-type=\"widget\" data-widget_type=\"text-editor.default\">\n\t\t\t\t\t\t\t\t\t<h2>1. INTRODUCCI\u00d3 I INFORMACI\u00d3 SOBRE EL LLOC WEB<\/h2><p>Les presents Condicions Generals d&#8217;\u00das (les \u201c<strong>Condicions Generals d&#8217;\u00das<\/strong>\u201d) estableixen els advertiments, termes i condicions aplicables a l&#8217;\u00fas dels mitjans t\u00e8cnics que NIEVES FAMILY CORPORATION, S.L. (\u201c<strong>Nieves<\/strong>\u201d) posa a la disposici\u00f3 dels usuaris en el lloc web https:\/\/www.nievesenergia.com\/ (el \u201c<strong>Lloc web<\/strong>\u201d).<\/p><p>Nieves Family Corporation \u00e9s una societat de responsabilitat limitada i nacionalitat espanyola, que disposa de N.I.F. B60484615 i est\u00e0 inscrita en el Registre Mercantil de Barcelona, Fulla B-106295, Tom IRUS : 1000336028665, Foli Electr\u00f2nic.<\/p><p> <\/p><p><strong>Les dades de contacte de Nieves s\u00f3n els seg\u00fcents: <\/strong><\/p><ul><li><strong>Domicili:<\/strong> Carrer Cam\u00ed Ral, 73 &#8211; 75, Esparreguera, 08292 Barcelona.<\/li><li><strong>Tel\u00e8fon:<\/strong> 900 500 111.<\/li><li><strong>Adre\u00e7a de correu electr\u00f2nic<\/strong>: info@nievesenergia.com.<\/li><\/ul><p> <\/p><p>L&#8217;acc\u00e9s o la utilitzaci\u00f3 del Lloc web comporta autom\u00e0ticament l&#8217;acceptaci\u00f3 plena i sense reserva per part de l&#8217;usuari de les presents Condicions Generals d&#8217;\u00das en la versi\u00f3 publicada per Nieves a cada moment. Per aix\u00f2, abans d&#8217;utilitzar els serveis que s&#8217;ofereixen en el Lloc web, l&#8217;usuari ha de llegir atentament les Condicions Generals d&#8217;\u00das, aix\u00ed com la Pol\u00edtica de Privacitat, que es troba disponible en el seg\u00fcent enlla\u00e7: https:\/\/www.nievesenergia.com\/politica-privacidad\/. Si l&#8217;usuari no est\u00e0 conforme amb aquestes Condicions Generals d&#8217;\u00das, haur\u00e0 d&#8217;abstenir-se d&#8217;usar-la. Les modificacions de les presents Condicions Generals d&#8217;\u00das no tindran efectes retroactius.  <\/p><p> <\/p><h2>2. El lloc web de Nieves<\/h2><p>El Lloc web \u00e9s una plataforma gratu\u00efta en la qual els usuaris poden accedir als serveis que ofereixen les empreses del Grup Nieves, que est\u00e0 integrat per les seg\u00fcents empreses: Nieves Mobility, S.L.; Axoil Energy, S.L.; Nieves Butano, S.L.; Nieves Energ\u00eda, S.L.; Nieves Energytech, S.L.; i Nieves Family Corporation, S.L. (d&#8217;ara endavant, \u201c<strong>Grupo Nieves<\/strong>\u201d).<\/p><p>Nieves es reserva el dret a modificar en qualsevol moment l&#8217;organitzaci\u00f3 i el disseny del Lloc web, els serveis oferts i qualsevol informaci\u00f3, gr\u00e0fics, imatges, dissenys i materials que es trobin en el Lloc web (els \u201c<strong>Continguts<\/strong>\u201d), per a adaptar els Continguts a noves necessitats t\u00e8cniques i organitzatives, incorporar o eliminar funcionalitats, implementar qualsevol nova normativa aplicable o per qualsevol altra ra\u00f3 operativa.<\/p><p> <\/p><h2>3. Acc\u00e9s i \u00fas pels usuaris<\/h2><p>L&#8217;usuari, en accedir i usar el Lloc web, es compromet a:<\/p><ul><li>facilitar informaci\u00f3 vera\u00e7 i actualitzada. L&#8217;usuari \u00e9s l&#8217;\u00fanic responsable de les manifestacions falses i inexactes i dels perjudicis que, com a conseq\u00fc\u00e8ncia, pugui causar a Nieves, al Grup Nieves o a tercers; <\/li><li>no facilitar a Nieves ni introduir en cap formulari les dades personals de tercers o altres usuaris, tret que tingu\u00e9s el consentiment expl\u00edcit per a aix\u00f2;<\/li><li>preservar la confidencialitat de les claus d&#8217;acc\u00e9s de la \u201c\u00e0rea de clients\u201d. En cas que aquestes s&#8217;hagin vist compromeses, haur\u00e0 de comunicar-ho sense demora a Nieves i procedir a la seva immediata actualitzaci\u00f3 o substituci\u00f3; <\/li><li>abstenir-se d&#8217;utilitzar qualsevol dada, informaci\u00f3 o Contingut accessible en el Lloc web per a fins distints als previstos en aquestes Condicions Generals d&#8217;\u00das;<\/li><li>no utilitzar eines t\u00e8cniques o inform\u00e0tiques per a extreure dades o Contingut del Lloc web; i<\/li><li>no utilitzar el Lloc web amb finalitats il\u00b7l\u00edcits o amb finalitats que puguin causar mal a Nieves, el Lloc web o a un tercer, o de manera que puguin causar perjudici o impedir el normal funcionament del Lloc web.<\/li><\/ul><p> <\/p><h2>4. Propietat intel\u00b7lectual i industrial<\/h2><p>Els drets de propietat intel\u00b7lectual i industrial sobre el Lloc web i els Continguts s\u00f3n propietat exclusiva del Grup Nieves, incloent, sense limitaci\u00f3, les marques, els noms comercials o els signes distintius (la \u201c<strong>Propietat Intel\u00b7lectual i Industrial<\/strong>\u201d).<\/p><p>L&#8217;acc\u00e9s i \u00fas del Lloc web i l&#8217;acceptaci\u00f3 de les Condicions Generals d&#8217;\u00das no concedeixen ni atribueixen cap dret als usuaris sobre la Propietat Intel\u00b7lectual i Industrial.<\/p><p>Queda prohibida qualsevol forma de distribuci\u00f3, reproducci\u00f3, comunicaci\u00f3 p\u00fablica, transformaci\u00f3 o qualsevol altre acte sobre la Propietat Intel\u00b7lectual i Industrial, incloent-hi el seu \u00fas com a dades per a l&#8217;entrenament de models d&#8217;intel\u00b7lig\u00e8ncia artificial, tret que l&#8217;usuari tingui l&#8217;autoritzaci\u00f3 pr\u00e8via i expressa del Grup Nieves.<\/p><p> <\/p><h2>5. Exclusi\u00f3 de garanties i responsabilitat de Nieves<\/h2><p>Nieves proporciona acc\u00e9s al Lloc web, els serveis i els Continguts amb un nivell de compet\u00e8ncia i dilig\u00e8ncia raonable. Nieves no assumeix obligaci\u00f3 contractual alguna distinta a la que es deriva de les Condicions Generals d&#8217;\u00das. Nieves no ofereix garanties ni es fa responsable, en cap cas, dels danys i perjudicis que poguessin derivar-se de:  <\/p><ul><li>la falta de disponibilitat, manteniment i funcionament correcte continu i ininterromput del Lloc web, els seus serveis i\/o Continguts. A tals efectes, l&#8217;usuari reconeix que Internet \u00e9s un mitj\u00e0 subjecte a disfuncions i interrupcions del servei; <\/li><li>la falta de compatibilitat del Lloc web amb els dispositius de l&#8217;usuari, incloent-hi ordenadors, navegadors, dispositius m\u00f2bils, tauletes, etc.;<\/li><li>la falta d&#8217;utilitat, adequaci\u00f3 o validesa per a satisfer les necessitats, activitats, resultats concrets o expectatives dels usuaris;<\/li><li>la veracitat, exactitud i vig\u00e8ncia de les dades dels usuaris;<\/li><li>el comportament indegut dels usuaris en relaci\u00f3 amb l&#8217;\u00fas del Lloc web; i<\/li><li>l&#8217;exist\u00e8ncia de programes maliciosos o lesius en els Continguts i\/o serveis de l&#8217;Aplicaci\u00f3 que puguin alterar el programari i maquinari de l&#8217;usuari.<\/li><\/ul><p> <\/p><h2>6. Responsabilitat de l&#8217;usuari i Possibles actuacions de neus en cas d&#8217;incompliment de les condicions generals d&#8217;\u00fas<\/h2><p>L&#8217;acc\u00e9s i l&#8217;\u00fas que l&#8217;usuari faci del Lloc web ser\u00e0 sota la seva exclusiva i sencera responsabilitat, quedant Nieves expressament exonerada dels danys i perjudicis que es poguessin causar a l&#8217;usuari o a tercers per l&#8217;\u00fas contrari a les Condicions Generals d&#8217;\u00das i\/o la legislaci\u00f3 aplicable.<\/p><p>En cas de detectar infraccions de les Condicions Generals d&#8217;\u00das, de la llei o la vulneraci\u00f3 dels drets de tercers -incloent, actes prohibits sobre la Propietat Intel\u00b7lectual i Industrial-, Nieves podr\u00e0:<\/p><ul><li>retirar, cancel\u00b7lar i\/o denunciar davant les autoritats competents l&#8217;actuaci\u00f3 dels usuaris;<\/li><li>denegar als usuaris l&#8217;acc\u00e9s i \u00fas del Lloc web, a la seva sola discreci\u00f3 i criteri; i<\/li><li>reclamar a l&#8217;usuari les quantitats corresponents pels danys i perjudicis ocasionats a conseq\u00fc\u00e8ncia dels incompliments anteriors.<\/li><\/ul><p> <\/p><h2>7. Pol\u00edtica de privacitat<\/h2><p>Les dades personals dels usuaris seran tractats per Nieves en qualitat de responsable del tractament de conformitat amb la seva Pol\u00edtica de Privacitat, que es troba accessible en <a href=\"https:\/\/www.nievesenergia.com\/politica-privacidad\/\">https:\/\/www.nievesenergia.com\/politica-de-privadesa\/<\/a> i la seva Pol\u00edtica de Cookies, que es troba accessible en https:\/\/www.nievesenergia.com\/politica-cookies\/<\/p><p> <\/p><h2>8. Legislaci\u00f3 aplicable i jurisdicci\u00f3<\/h2><p>Les Condicions Generals d&#8217;\u00das es regiran per la llei comuna espanyola, amb exclusi\u00f3 a qualssevol normes sobre conflicte de lleis. Els usuaris i Nieves se sotmeten, amb ren\u00fancia a qualsevol altre fur que pugui correspondre&#8217;ls, als Jutges i Tribunals de la ciutat de Barcelona, Espanya en relaci\u00f3 amb qualsevol disputa sobre la validesa, efic\u00e0cia, compliment, interpretaci\u00f3, execuci\u00f3 o qualsevol altra q\u00fcesti\u00f3 relativa a les Condicions Generals d&#8217;\u00das. <\/p><p>En el cas que els usuaris siguin consumidors, seran competents els tribunals del seu domicili en aplicaci\u00f3 de la normativa vigent.<\/p><p>En cas de discrep\u00e0ncies entre les versions de les Condicions Generals d&#8217;\u00das en els diferents idiomes en els quals es troben aquests documents, prevaldr\u00e0 la seva versi\u00f3 en espanyol, sempre que sigui legalment possible. Aix\u00ed mateix, la declaraci\u00f3 de nul\u00b7litat o invalidesa de qualsevol cl\u00e0usula no afectar\u00e0 la validesa i efic\u00e0cia de les altres cl\u00e0usules, que s&#8217;interpretaran i aplicaran en el sentit l\u00edcit m\u00e9s pr\u00f2xim al que es deriv\u00e9s de l&#8217;aplicaci\u00f3 de la cl\u00e0usula nul\u00b7la. <\/p><p> <\/p><p><strong>\u00daltima revisi\u00f3: juny 2025<\/strong><\/p><p><strong>\u00a9 Barcelona, NIEVES FAMILY CORPORATION, S.L. Prohibida la seva reproducci\u00f3 total o parcial. Reservats tots els drets. <\/strong><\/p>\t\t\t\t\t\t\t\t<\/div>\n\t\t\t\t\t<\/div>\n\t\t\t\t<\/div>\n\t\t\t\t<\/div>\n\t\t","protected":false},"excerpt":{"rendered":"<p>Av\u00eds legal 1. INTRODUCCI\u00d3 I INFORMACI\u00d3 SOBRE EL LLOC WEB Les presents Condicions Generals d&#8217;\u00das (les \u201cCondicions Generals d&#8217;\u00das\u201d) estableixen els advertiments, termes i condicions aplicables a l&#8217;\u00fas dels mitjans t\u00e8cnics que NIEVES FAMILY CORPORATION, S.L. (\u201cNieves\u201d) posa a la disposici\u00f3 dels usuaris en el lloc web https:\/\/www.nievesenergia.com\/ (el \u201cLloc web\u201d). Nieves Family Corporation \u00e9s [&hellip;]<\/p>\n","protected":false},"author":3,"featured_media":15041,"parent":0,"menu_order":0,"comment_status":"closed","ping_status":"closed","template":"","meta":{"_jet_sm_ready_style":"","_jet_sm_style":"","_jet_sm_controls_values":"","_jet_sm_fonts_collection":"","_jet_sm_fonts_links":"","footnotes":""},"class_list":["post-13524","page","type-page","status-publish","has-post-thumbnail","hentry"],"yoast_head":"<!-- This site is optimized with the Yoast SEO plugin v27.4 - https:\/\/yoast.com\/product\/yoast-seo-wordpress\/ -->\n<title>Av\u00eds legal - Nieves Energia<\/title>\n<meta name=\"description\" content=\"Avi\u00eds legal de la web de Nieves Energ\u00eda\" \/>\n<meta name=\"robots\" content=\"index, follow, max-snippet:-1, max-image-preview:large, max-video-preview:-1\" \/>\n<link rel=\"canonical\" href=\"https:\/\/nievesenergia.com\/ca\/avis-legal\/\" \/>\n<meta property=\"og:locale\" content=\"ca_ES\" \/>\n<meta property=\"og:type\" content=\"article\" \/>\n<meta property=\"og:title\" content=\"Av\u00eds legal - Nieves Energia\" \/>\n<meta property=\"og:description\" content=\"Avi\u00eds legal de la web de Nieves Energ\u00eda\" \/>\n<meta property=\"og:url\" content=\"https:\/\/nievesenergia.com\/ca\/avis-legal\/\" \/>\n<meta property=\"og:site_name\" content=\"Nieves Energia\" \/>\n<meta property=\"article:publisher\" content=\"https:\/\/www.facebook.com\/nievesenergia\" \/>\n<meta property=\"article:modified_time\" content=\"2025-09-04T10:13:37+00:00\" \/>\n<meta property=\"og:image\" content=\"https:\/\/nievesenergia.com\/wp-content\/uploads\/2025\/08\/10273-PET_logotipo-blanco_naranja_NIEVES-CMYK.jpg\" \/>\n\t<meta property=\"og:image:width\" content=\"1576\" \/>\n\t<meta property=\"og:image:height\" content=\"1576\" \/>\n\t<meta property=\"og:image:type\" content=\"image\/jpeg\" \/>\n<meta name=\"twitter:card\" content=\"summary_large_image\" \/>\n<meta name=\"twitter:label1\" content=\"Temps estimat de lectura\" \/>\n\t<meta name=\"twitter:data1\" content=\"6 minuts\" \/>\n<script type=\"application\/ld+json\" class=\"yoast-schema-graph\">{\"@context\":\"https:\\\/\\\/schema.org\",\"@graph\":[{\"@type\":\"WebPage\",\"@id\":\"https:\\\/\\\/nievesenergia.com\\\/ca\\\/avis-legal\\\/\",\"url\":\"https:\\\/\\\/nievesenergia.com\\\/ca\\\/avis-legal\\\/\",\"name\":\"Av\u00eds legal - Nieves Energia\",\"isPartOf\":{\"@id\":\"https:\\\/\\\/nievesenergia.com\\\/ca\\\/#website\"},\"primaryImageOfPage\":{\"@id\":\"https:\\\/\\\/nievesenergia.com\\\/ca\\\/avis-legal\\\/#primaryimage\"},\"image\":{\"@id\":\"https:\\\/\\\/nievesenergia.com\\\/ca\\\/avis-legal\\\/#primaryimage\"},\"thumbnailUrl\":\"https:\\\/\\\/nievesenergia.com\\\/wp-content\\\/uploads\\\/2025\\\/08\\\/10273-PET_logotipo-blanco_naranja_NIEVES-CMYK.jpg\",\"datePublished\":\"2024-11-28T16:56:55+00:00\",\"dateModified\":\"2025-09-04T10:13:37+00:00\",\"description\":\"Avi\u00eds legal de la web de Nieves Energ\u00eda\",\"breadcrumb\":{\"@id\":\"https:\\\/\\\/nievesenergia.com\\\/ca\\\/avis-legal\\\/#breadcrumb\"},\"inLanguage\":\"ca\",\"potentialAction\":[{\"@type\":\"ReadAction\",\"target\":[\"https:\\\/\\\/nievesenergia.com\\\/ca\\\/avis-legal\\\/\"]}]},{\"@type\":\"ImageObject\",\"inLanguage\":\"ca\",\"@id\":\"https:\\\/\\\/nievesenergia.com\\\/ca\\\/avis-legal\\\/#primaryimage\",\"url\":\"https:\\\/\\\/nievesenergia.com\\\/wp-content\\\/uploads\\\/2025\\\/08\\\/10273-PET_logotipo-blanco_naranja_NIEVES-CMYK.jpg\",\"contentUrl\":\"https:\\\/\\\/nievesenergia.com\\\/wp-content\\\/uploads\\\/2025\\\/08\\\/10273-PET_logotipo-blanco_naranja_NIEVES-CMYK.jpg\",\"width\":1576,\"height\":1576},{\"@type\":\"BreadcrumbList\",\"@id\":\"https:\\\/\\\/nievesenergia.com\\\/ca\\\/avis-legal\\\/#breadcrumb\",\"itemListElement\":[{\"@type\":\"ListItem\",\"position\":1,\"name\":\"Home\",\"item\":\"https:\\\/\\\/nievesenergia.com\\\/ca\\\/\"},{\"@type\":\"ListItem\",\"position\":2,\"name\":\"Av\u00eds legal\"}]},{\"@type\":\"WebSite\",\"@id\":\"https:\\\/\\\/nievesenergia.com\\\/ca\\\/#website\",\"url\":\"https:\\\/\\\/nievesenergia.com\\\/ca\\\/\",\"name\":\"Nieves Energia\",\"description\":\"Nieves Energia - Familia de Energ\u00edas\",\"publisher\":{\"@id\":\"https:\\\/\\\/nievesenergia.com\\\/ca\\\/#organization\"},\"potentialAction\":[{\"@type\":\"SearchAction\",\"target\":{\"@type\":\"EntryPoint\",\"urlTemplate\":\"https:\\\/\\\/nievesenergia.com\\\/ca\\\/?s={search_term_string}\"},\"query-input\":{\"@type\":\"PropertyValueSpecification\",\"valueRequired\":true,\"valueName\":\"search_term_string\"}}],\"inLanguage\":\"ca\"},{\"@type\":\"Organization\",\"@id\":\"https:\\\/\\\/nievesenergia.com\\\/ca\\\/#organization\",\"name\":\"Nieves Energia\",\"url\":\"https:\\\/\\\/nievesenergia.com\\\/ca\\\/\",\"logo\":{\"@type\":\"ImageObject\",\"inLanguage\":\"ca\",\"@id\":\"https:\\\/\\\/nievesenergia.com\\\/ca\\\/#\\\/schema\\\/logo\\\/image\\\/\",\"url\":\"https:\\\/\\\/nievesenergia.com\\\/wp-content\\\/uploads\\\/2025\\\/08\\\/10273-PET_logotipo-blanco_naranja_NIEVES-CMYK.jpg\",\"contentUrl\":\"https:\\\/\\\/nievesenergia.com\\\/wp-content\\\/uploads\\\/2025\\\/08\\\/10273-PET_logotipo-blanco_naranja_NIEVES-CMYK.jpg\",\"width\":1576,\"height\":1576,\"caption\":\"Nieves Energia\"},\"image\":{\"@id\":\"https:\\\/\\\/nievesenergia.com\\\/ca\\\/#\\\/schema\\\/logo\\\/image\\\/\"},\"sameAs\":[\"https:\\\/\\\/www.facebook.com\\\/nievesenergia\",\"https:\\\/\\\/www.instagram.com\\\/nievesenergia\",\"https:\\\/\\\/www.linkedin.com\\\/company\\\/5115026\\\/admin\\\/dashboard\\\/\"]}]}<\/script>\n<!-- \/ Yoast SEO plugin. -->","yoast_head_json":{"title":"Av\u00eds legal - Nieves Energia","description":"Avi\u00eds legal de la web de Nieves Energ\u00eda","robots":{"index":"index","follow":"follow","max-snippet":"max-snippet:-1","max-image-preview":"max-image-preview:large","max-video-preview":"max-video-preview:-1"},"canonical":"https:\/\/nievesenergia.com\/ca\/avis-legal\/","og_locale":"ca_ES","og_type":"article","og_title":"Av\u00eds legal - Nieves Energia","og_description":"Avi\u00eds legal de la web de Nieves Energ\u00eda","og_url":"https:\/\/nievesenergia.com\/ca\/avis-legal\/","og_site_name":"Nieves Energia","article_publisher":"https:\/\/www.facebook.com\/nievesenergia","article_modified_time":"2025-09-04T10:13:37+00:00","og_image":[{"width":1576,"height":1576,"url":"https:\/\/nievesenergia.com\/wp-content\/uploads\/2025\/08\/10273-PET_logotipo-blanco_naranja_NIEVES-CMYK.jpg","type":"image\/jpeg"}],"twitter_card":"summary_large_image","twitter_misc":{"Temps estimat de lectura":"6 minuts"},"schema":{"@context":"https:\/\/schema.org","@graph":[{"@type":"WebPage","@id":"https:\/\/nievesenergia.com\/ca\/avis-legal\/","url":"https:\/\/nievesenergia.com\/ca\/avis-legal\/","name":"Av\u00eds legal - Nieves Energia","isPartOf":{"@id":"https:\/\/nievesenergia.com\/ca\/#website"},"primaryImageOfPage":{"@id":"https:\/\/nievesenergia.com\/ca\/avis-legal\/#primaryimage"},"image":{"@id":"https:\/\/nievesenergia.com\/ca\/avis-legal\/#primaryimage"},"thumbnailUrl":"https:\/\/nievesenergia.com\/wp-content\/uploads\/2025\/08\/10273-PET_logotipo-blanco_naranja_NIEVES-CMYK.jpg","datePublished":"2024-11-28T16:56:55+00:00","dateModified":"2025-09-04T10:13:37+00:00","description":"Avi\u00eds legal de la web de Nieves Energ\u00eda","breadcrumb":{"@id":"https:\/\/nievesenergia.com\/ca\/avis-legal\/#breadcrumb"},"inLanguage":"ca","potentialAction":[{"@type":"ReadAction","target":["https:\/\/nievesenergia.com\/ca\/avis-legal\/"]}]},{"@type":"ImageObject","inLanguage":"ca","@id":"https:\/\/nievesenergia.com\/ca\/avis-legal\/#primaryimage","url":"https:\/\/nievesenergia.com\/wp-content\/uploads\/2025\/08\/10273-PET_logotipo-blanco_naranja_NIEVES-CMYK.jpg","contentUrl":"https:\/\/nievesenergia.com\/wp-content\/uploads\/2025\/08\/10273-PET_logotipo-blanco_naranja_NIEVES-CMYK.jpg","width":1576,"height":1576},{"@type":"BreadcrumbList","@id":"https:\/\/nievesenergia.com\/ca\/avis-legal\/#breadcrumb","itemListElement":[{"@type":"ListItem","position":1,"name":"Home","item":"https:\/\/nievesenergia.com\/ca\/"},{"@type":"ListItem","position":2,"name":"Av\u00eds legal"}]},{"@type":"WebSite","@id":"https:\/\/nievesenergia.com\/ca\/#website","url":"https:\/\/nievesenergia.com\/ca\/","name":"Nieves Energia","description":"Nieves Energia - Familia de Energ\u00edas","publisher":{"@id":"https:\/\/nievesenergia.com\/ca\/#organization"},"potentialAction":[{"@type":"SearchAction","target":{"@type":"EntryPoint","urlTemplate":"https:\/\/nievesenergia.com\/ca\/?s={search_term_string}"},"query-input":{"@type":"PropertyValueSpecification","valueRequired":true,"valueName":"search_term_string"}}],"inLanguage":"ca"},{"@type":"Organization","@id":"https:\/\/nievesenergia.com\/ca\/#organization","name":"Nieves Energia","url":"https:\/\/nievesenergia.com\/ca\/","logo":{"@type":"ImageObject","inLanguage":"ca","@id":"https:\/\/nievesenergia.com\/ca\/#\/schema\/logo\/image\/","url":"https:\/\/nievesenergia.com\/wp-content\/uploads\/2025\/08\/10273-PET_logotipo-blanco_naranja_NIEVES-CMYK.jpg","contentUrl":"https:\/\/nievesenergia.com\/wp-content\/uploads\/2025\/08\/10273-PET_logotipo-blanco_naranja_NIEVES-CMYK.jpg","width":1576,"height":1576,"caption":"Nieves Energia"},"image":{"@id":"https:\/\/nievesenergia.com\/ca\/#\/schema\/logo\/image\/"},"sameAs":["https:\/\/www.facebook.com\/nievesenergia","https:\/\/www.instagram.com\/nievesenergia","https:\/\/www.linkedin.com\/company\/5115026\/admin\/dashboard\/"]}]}},"_links":{"self":[{"href":"https:\/\/nievesenergia.com\/ca\/wp-json\/wp\/v2\/pages\/13524","targetHints":{"allow":["GET"]}}],"collection":[{"href":"https:\/\/nievesenergia.com\/ca\/wp-json\/wp\/v2\/pages"}],"about":[{"href":"https:\/\/nievesenergia.com\/ca\/wp-json\/wp\/v2\/types\/page"}],"author":[{"embeddable":true,"href":"https:\/\/nievesenergia.com\/ca\/wp-json\/wp\/v2\/users\/3"}],"replies":[{"embeddable":true,"href":"https:\/\/nievesenergia.com\/ca\/wp-json\/wp\/v2\/comments?post=13524"}],"version-history":[{"count":2,"href":"https:\/\/nievesenergia.com\/ca\/wp-json\/wp\/v2\/pages\/13524\/revisions"}],"predecessor-version":[{"id":13994,"href":"https:\/\/nievesenergia.com\/ca\/wp-json\/wp\/v2\/pages\/13524\/revisions\/13994"}],"wp:featuredmedia":[{"embeddable":true,"href":"https:\/\/nievesenergia.com\/ca\/wp-json\/wp\/v2\/media\/15041"}],"wp:attachment":[{"href":"https:\/\/nievesenergia.com\/ca\/wp-json\/wp\/v2\/media?parent=13524"}],"curies":[{"name":"wp","href":"https:\/\/api.w.org\/{rel}","templated":true}]}}