{"id":8897,"date":"2024-11-18T08:56:18","date_gmt":"2024-11-18T08:56:18","guid":{"rendered":"https:\/\/nievesenergia.com\/missio-i-valors\/"},"modified":"2025-05-12T12:00:50","modified_gmt":"2025-05-12T12:00:50","slug":"missio-i-valors","status":"publish","type":"page","link":"https:\/\/nievesenergia.com\/ca\/coneix-nos\/missio-i-valors\/","title":{"rendered":"Missi\u00f3 i valors"},"content":{"rendered":"\t\t<div data-elementor-type=\"wp-page\" data-elementor-id=\"8897\" class=\"elementor elementor-8897 elementor-836\" data-elementor-post-type=\"page\">\n\t\t\t\t<div class=\"elementor-element elementor-element-9dc3eb0 e-flex e-con-boxed e-con e-parent\" data-id=\"9dc3eb0\" data-element_type=\"container\" data-e-type=\"container\" data-settings=\"{&quot;background_background&quot;:&quot;classic&quot;,&quot;jet_parallax_layout_list&quot;:[]}\">\n\t\t\t\t\t<div class=\"e-con-inner\">\n\t\t<div class=\"elementor-element elementor-element-d489662 e-con-full e-flex e-con e-child\" data-id=\"d489662\" data-element_type=\"container\" data-e-type=\"container\" data-settings=\"{&quot;jet_parallax_layout_list&quot;:[]}\">\n\t\t\t\t<div class=\"elementor-element elementor-element-559bee3 elementor-widget elementor-widget-heading\" data-id=\"559bee3\" data-element_type=\"widget\" data-e-type=\"widget\" data-widget_type=\"heading.default\">\n\t\t\t\t\t<h1 class=\"elementor-heading-title elementor-size-default\">MISSI\u00d3 I VALORS<\/h1>\t\t\t\t<\/div>\n\t\t\t\t<div class=\"elementor-element elementor-element-9201a02 elementor-widget elementor-widget-heading\" data-id=\"9201a02\" data-element_type=\"widget\" data-e-type=\"widget\" data-widget_type=\"heading.default\">\n\t\t\t\t\t<p class=\"elementor-heading-title elementor-size-default\">M\u00e9s de 30 anys oferint solucions energ\u00e8tiques als nostres clients<\/p>\t\t\t\t<\/div>\n\t\t\t\t<\/div>\n\t\t\t\t\t<\/div>\n\t\t\t\t<\/div>\n\t\t<div class=\"elementor-element elementor-element-2be82ed e-flex e-con-boxed e-con e-parent\" data-id=\"2be82ed\" data-element_type=\"container\" data-e-type=\"container\" data-settings=\"{&quot;background_background&quot;:&quot;classic&quot;,&quot;jet_parallax_layout_list&quot;:[]}\">\n\t\t\t\t\t<div class=\"e-con-inner\">\n\t\t<div class=\"elementor-element elementor-element-15e08dd e-con-full e-flex e-con e-child\" data-id=\"15e08dd\" data-element_type=\"container\" data-e-type=\"container\" data-settings=\"{&quot;jet_parallax_layout_list&quot;:[]}\">\n\t\t\t\t<div class=\"elementor-element elementor-element-465eaa6 elementor-widget elementor-widget-heading\" data-id=\"465eaa6\" data-element_type=\"widget\" data-e-type=\"widget\" data-widget_type=\"heading.default\">\n\t\t\t\t\t<p class=\"elementor-heading-title elementor-size-default\">Ens enfoquem a satisfer les necessitats reals dels nostres clients amb un servei t\u00e8cnic, professional i hum\u00e0<\/p>\t\t\t\t<\/div>\n\t\t\t\t<\/div>\n\t\t\t\t\t<\/div>\n\t\t\t\t<\/div>\n\t\t<div class=\"elementor-element elementor-element-84995cd e-flex e-con-boxed e-con e-parent\" data-id=\"84995cd\" data-element_type=\"container\" data-e-type=\"container\" data-settings=\"{&quot;jet_parallax_layout_list&quot;:[]}\">\n\t\t\t\t\t<div class=\"e-con-inner\">\n\t\t<div class=\"elementor-element elementor-element-8554088 e-con-full e-flex e-con e-child\" data-id=\"8554088\" data-element_type=\"container\" data-e-type=\"container\" data-settings=\"{&quot;jet_parallax_layout_list&quot;:[]}\">\n\t\t\t\t<div class=\"elementor-element elementor-element-050d9a0 elementor-widget__width-initial elementor-widget elementor-widget-heading\" data-id=\"050d9a0\" data-element_type=\"widget\" data-e-type=\"widget\" data-widget_type=\"heading.default\">\n\t\t\t\t\t<h2 class=\"elementor-heading-title elementor-size-default\">JUNTS CAP A UN FUTUR SOSTENIBLE<\/h2>\t\t\t\t<\/div>\n\t\t\t\t<div class=\"elementor-element elementor-element-f2e414e elementor-widget elementor-widget-text-editor\" data-id=\"f2e414e\" data-element_type=\"widget\" data-e-type=\"widget\" data-widget_type=\"text-editor.default\">\n\t\t\t\t\t\t\t\t\t<p>A <strong>Grupo Nieves<\/strong> , som una <strong>fam\u00edlia<\/strong> dedicada a l&#8217; <strong>energia global<\/strong> , <strong>integrada<\/strong> i <strong>diversificada<\/strong> . El nostre equip treballa amb comprom\u00eds per satisfer les necessitats energ\u00e8tiques dels nostres clients, adaptant-se \u00e0gilment a cada canvi i oferint solucions personalitzades.<\/p><p>Acompanyem els nostres clients en cada pas, prioritzant la proximitat i la personalitzaci\u00f3 per construir relacions duradores basades en la confian\u00e7a.<\/p>\t\t\t\t\t\t\t\t<\/div>\n\t\t\t\t<\/div>\n\t\t\t\t\t<\/div>\n\t\t\t\t<\/div>\n\t\t<div class=\"elementor-element elementor-element-6db6450 e-flex e-con-boxed e-con e-parent\" data-id=\"6db6450\" data-element_type=\"container\" data-e-type=\"container\" data-settings=\"{&quot;background_background&quot;:&quot;classic&quot;,&quot;jet_parallax_layout_list&quot;:[]}\">\n\t\t\t\t\t<div class=\"e-con-inner\">\n\t\t<div class=\"elementor-element elementor-element-e1e3304 e-con-full e-flex e-con e-child\" data-id=\"e1e3304\" data-element_type=\"container\" data-e-type=\"container\" data-settings=\"{&quot;background_background&quot;:&quot;classic&quot;,&quot;jet_parallax_layout_list&quot;:[]}\">\n\t\t\t\t<div class=\"elementor-element elementor-element-97b972e elementor-widget elementor-widget-spacer\" data-id=\"97b972e\" data-element_type=\"widget\" data-e-type=\"widget\" data-widget_type=\"spacer.default\">\n\t\t\t\t\t\t\t<div class=\"elementor-spacer\">\n\t\t\t<div class=\"elementor-spacer-inner\"><\/div>\n\t\t<\/div>\n\t\t\t\t\t\t<\/div>\n\t\t\t\t<div class=\"elementor-element elementor-element-ef67527 elementor-widget elementor-widget-heading\" data-id=\"ef67527\" data-element_type=\"widget\" data-e-type=\"widget\" data-widget_type=\"heading.default\">\n\t\t\t\t\t<h3 class=\"elementor-heading-title elementor-size-default\">MISSI\u00d3<\/h3>\t\t\t\t<\/div>\n\t\t\t\t<div class=\"elementor-element elementor-element-2f31a66 elementor-widget elementor-widget-text-editor\" data-id=\"2f31a66\" data-element_type=\"widget\" data-e-type=\"widget\" data-widget_type=\"text-editor.default\">\n\t\t\t\t\t\t\t\t\t<p>Oferir un mix energ\u00e8tic de qualitat, segur i sostenible mitjan\u00e7ant un servei excepcional i totalment personalitzat als nostres clients.<\/p>\t\t\t\t\t\t\t\t<\/div>\n\t\t\t\t<\/div>\n\t\t<div class=\"elementor-element elementor-element-c8f1b4e e-con-full e-flex e-con e-child\" data-id=\"c8f1b4e\" data-element_type=\"container\" data-e-type=\"container\" data-settings=\"{&quot;background_background&quot;:&quot;classic&quot;,&quot;jet_parallax_layout_list&quot;:[]}\">\n\t\t\t\t<div class=\"elementor-element elementor-element-3a9b0c3 elementor-widget elementor-widget-spacer\" data-id=\"3a9b0c3\" data-element_type=\"widget\" data-e-type=\"widget\" data-widget_type=\"spacer.default\">\n\t\t\t\t\t\t\t<div class=\"elementor-spacer\">\n\t\t\t<div class=\"elementor-spacer-inner\"><\/div>\n\t\t<\/div>\n\t\t\t\t\t\t<\/div>\n\t\t\t\t<div class=\"elementor-element elementor-element-921d438 elementor-widget elementor-widget-heading\" data-id=\"921d438\" data-element_type=\"widget\" data-e-type=\"widget\" data-widget_type=\"heading.default\">\n\t\t\t\t\t<h3 class=\"elementor-heading-title elementor-size-default\">VISI\u00d3<\/h3>\t\t\t\t<\/div>\n\t\t\t\t<div class=\"elementor-element elementor-element-0e055ea elementor-widget elementor-widget-text-editor\" data-id=\"0e055ea\" data-element_type=\"widget\" data-e-type=\"widget\" data-widget_type=\"text-editor.default\">\n\t\t\t\t\t\t\t\t\t<p>Ser un grup energ\u00e8tic sostenible i global capa\u00e7 d&#8217;oferir un mix d&#8217;energies complet, adaptant-nos a les necessitats canviants del mercat i dels nostres clients.<\/p>\t\t\t\t\t\t\t\t<\/div>\n\t\t\t\t<\/div>\n\t\t<div class=\"elementor-element elementor-element-3242c31 e-con-full e-flex e-con e-child\" data-id=\"3242c31\" data-element_type=\"container\" data-e-type=\"container\" data-settings=\"{&quot;background_background&quot;:&quot;classic&quot;,&quot;jet_parallax_layout_list&quot;:[]}\">\n\t\t\t\t<div class=\"elementor-element elementor-element-ebb8fd2 elementor-widget elementor-widget-spacer\" data-id=\"ebb8fd2\" data-element_type=\"widget\" data-e-type=\"widget\" data-widget_type=\"spacer.default\">\n\t\t\t\t\t\t\t<div class=\"elementor-spacer\">\n\t\t\t<div class=\"elementor-spacer-inner\"><\/div>\n\t\t<\/div>\n\t\t\t\t\t\t<\/div>\n\t\t\t\t<div class=\"elementor-element elementor-element-4e2c86c elementor-widget elementor-widget-heading\" data-id=\"4e2c86c\" data-element_type=\"widget\" data-e-type=\"widget\" data-widget_type=\"heading.default\">\n\t\t\t\t\t<h3 class=\"elementor-heading-title elementor-size-default\">VALORS<\/h3>\t\t\t\t<\/div>\n\t\t\t\t<div class=\"elementor-element elementor-element-26b656b elementor-widget elementor-widget-text-editor\" data-id=\"26b656b\" data-element_type=\"widget\" data-e-type=\"widget\" data-widget_type=\"text-editor.default\">\n\t\t\t\t\t\t\t\t\t<p>Destaquem per la nostra humanitat, energia, adaptaci\u00f3 i fiabilitat, reflectint el nostre comprom\u00eds social i la nostra vocaci\u00f3 al servei de les persones.<\/p>\t\t\t\t\t\t\t\t<\/div>\n\t\t\t\t<\/div>\n\t\t<div class=\"elementor-element elementor-element-830cff8 e-con-full e-flex e-con e-child\" data-id=\"830cff8\" data-element_type=\"container\" data-e-type=\"container\" data-settings=\"{&quot;jet_parallax_layout_list&quot;:[]}\">\n\t\t\t\t<div class=\"elementor-element elementor-element-95507c0 elementor-align-center elementor-widget elementor-widget-button\" data-id=\"95507c0\" data-element_type=\"widget\" data-e-type=\"widget\" data-widget_type=\"button.default\">\n\t\t\t\t\t\t\t\t\t\t<a class=\"elementor-button elementor-button-link elementor-size-sm\" href=\"https:\/\/nievesenergia.com\/ca\/contacte\/\">\n\t\t\t\t\t\t<span class=\"elementor-button-content-wrapper\">\n\t\t\t\t\t\t\t\t\t<span class=\"elementor-button-text\">CONTACTAR<\/span>\n\t\t\t\t\t<\/span>\n\t\t\t\t\t<\/a>\n\t\t\t\t\t\t\t\t<\/div>\n\t\t\t\t<\/div>\n\t\t\t\t\t<\/div>\n\t\t\t\t<\/div>\n\t\t\t\t<\/div>\n\t\t","protected":false},"excerpt":{"rendered":"<p>MISSI\u00d3 I VALORS M\u00e9s de 30 anys oferint solucions energ\u00e8tiques als nostres clients Ens enfoquem a satisfer les necessitats reals dels nostres clients amb un servei t\u00e8cnic, professional i hum\u00e0 JUNTS CAP A UN FUTUR SOSTENIBLE A Grupo Nieves , som una fam\u00edlia dedicada a l&#8217; energia global , integrada i diversificada . El nostre [&hellip;]<\/p>\n","protected":false},"author":3,"featured_media":15041,"parent":8903,"menu_order":0,"comment_status":"closed","ping_status":"closed","template":"","meta":{"_jet_sm_ready_style":"","_jet_sm_style":"","_jet_sm_controls_values":"","_jet_sm_fonts_collection":"","_jet_sm_fonts_links":"","footnotes":""},"class_list":["post-8897","page","type-page","status-publish","has-post-thumbnail","hentry"],"yoast_head":"<!-- This site is optimized with the Yoast SEO plugin v27.4 - https:\/\/yoast.com\/product\/yoast-seo-wordpress\/ -->\n<title>Missi\u00f3 i valors | Nieves Energ\u00eda<\/title>\n<meta name=\"description\" content=\"M\u00e9s de 30 anys oferint solucions energ\u00e8tiques als nostres clients, prioritzant la proximitat i la personalitzaci\u00f3.\" \/>\n<meta name=\"robots\" content=\"index, follow, max-snippet:-1, max-image-preview:large, max-video-preview:-1\" \/>\n<link rel=\"canonical\" href=\"https:\/\/nievesenergia.com\/ca\/coneix-nos\/missio-i-valors\/\" \/>\n<meta property=\"og:locale\" content=\"ca_ES\" \/>\n<meta property=\"og:type\" content=\"article\" \/>\n<meta property=\"og:title\" content=\"Missi\u00f3 i valors | Nieves Energ\u00eda\" \/>\n<meta property=\"og:description\" content=\"M\u00e9s de 30 anys oferint solucions energ\u00e8tiques als nostres clients, prioritzant la proximitat i la personalitzaci\u00f3.\" \/>\n<meta property=\"og:url\" content=\"https:\/\/nievesenergia.com\/ca\/coneix-nos\/missio-i-valors\/\" \/>\n<meta property=\"og:site_name\" content=\"Nieves Energia\" \/>\n<meta property=\"article:publisher\" content=\"https:\/\/www.facebook.com\/nievesenergia\" \/>\n<meta property=\"article:modified_time\" content=\"2025-05-12T12:00:50+00:00\" \/>\n<meta property=\"og:image\" content=\"https:\/\/nievesenergia.com\/wp-content\/uploads\/2025\/08\/10273-PET_logotipo-blanco_naranja_NIEVES-CMYK.jpg\" \/>\n\t<meta property=\"og:image:width\" content=\"1576\" \/>\n\t<meta property=\"og:image:height\" content=\"1576\" \/>\n\t<meta property=\"og:image:type\" content=\"image\/jpeg\" \/>\n<meta name=\"twitter:card\" content=\"summary_large_image\" \/>\n<meta name=\"twitter:label1\" content=\"Temps estimat de lectura\" \/>\n\t<meta name=\"twitter:data1\" content=\"1 minut\" \/>\n<script type=\"application\/ld+json\" class=\"yoast-schema-graph\">{\"@context\":\"https:\\\/\\\/schema.org\",\"@graph\":[{\"@type\":\"WebPage\",\"@id\":\"https:\\\/\\\/nievesenergia.com\\\/ca\\\/coneix-nos\\\/missio-i-valors\\\/\",\"url\":\"https:\\\/\\\/nievesenergia.com\\\/ca\\\/coneix-nos\\\/missio-i-valors\\\/\",\"name\":\"Missi\u00f3 i valors | Nieves Energ\u00eda\",\"isPartOf\":{\"@id\":\"https:\\\/\\\/nievesenergia.com\\\/ca\\\/#website\"},\"primaryImageOfPage\":{\"@id\":\"https:\\\/\\\/nievesenergia.com\\\/ca\\\/coneix-nos\\\/missio-i-valors\\\/#primaryimage\"},\"image\":{\"@id\":\"https:\\\/\\\/nievesenergia.com\\\/ca\\\/coneix-nos\\\/missio-i-valors\\\/#primaryimage\"},\"thumbnailUrl\":\"https:\\\/\\\/nievesenergia.com\\\/wp-content\\\/uploads\\\/2025\\\/08\\\/10273-PET_logotipo-blanco_naranja_NIEVES-CMYK.jpg\",\"datePublished\":\"2024-11-18T08:56:18+00:00\",\"dateModified\":\"2025-05-12T12:00:50+00:00\",\"description\":\"M\u00e9s de 30 anys oferint solucions energ\u00e8tiques als nostres clients, prioritzant la proximitat i la personalitzaci\u00f3.\",\"breadcrumb\":{\"@id\":\"https:\\\/\\\/nievesenergia.com\\\/ca\\\/coneix-nos\\\/missio-i-valors\\\/#breadcrumb\"},\"inLanguage\":\"ca\",\"potentialAction\":[{\"@type\":\"ReadAction\",\"target\":[\"https:\\\/\\\/nievesenergia.com\\\/ca\\\/coneix-nos\\\/missio-i-valors\\\/\"]}]},{\"@type\":\"ImageObject\",\"inLanguage\":\"ca\",\"@id\":\"https:\\\/\\\/nievesenergia.com\\\/ca\\\/coneix-nos\\\/missio-i-valors\\\/#primaryimage\",\"url\":\"https:\\\/\\\/nievesenergia.com\\\/wp-content\\\/uploads\\\/2025\\\/08\\\/10273-PET_logotipo-blanco_naranja_NIEVES-CMYK.jpg\",\"contentUrl\":\"https:\\\/\\\/nievesenergia.com\\\/wp-content\\\/uploads\\\/2025\\\/08\\\/10273-PET_logotipo-blanco_naranja_NIEVES-CMYK.jpg\",\"width\":1576,\"height\":1576},{\"@type\":\"BreadcrumbList\",\"@id\":\"https:\\\/\\\/nievesenergia.com\\\/ca\\\/coneix-nos\\\/missio-i-valors\\\/#breadcrumb\",\"itemListElement\":[{\"@type\":\"ListItem\",\"position\":1,\"name\":\"Home\",\"item\":\"https:\\\/\\\/nievesenergia.com\\\/ca\\\/\"},{\"@type\":\"ListItem\",\"position\":2,\"name\":\"Coneix-nos\",\"item\":\"https:\\\/\\\/nievesenergia.com\\\/ca\\\/?page_id=834\"},{\"@type\":\"ListItem\",\"position\":3,\"name\":\"Missi\u00f3 i valors\"}]},{\"@type\":\"WebSite\",\"@id\":\"https:\\\/\\\/nievesenergia.com\\\/ca\\\/#website\",\"url\":\"https:\\\/\\\/nievesenergia.com\\\/ca\\\/\",\"name\":\"Nieves Energia\",\"description\":\"Nieves Energia - Familia de Energ\u00edas\",\"publisher\":{\"@id\":\"https:\\\/\\\/nievesenergia.com\\\/ca\\\/#organization\"},\"potentialAction\":[{\"@type\":\"SearchAction\",\"target\":{\"@type\":\"EntryPoint\",\"urlTemplate\":\"https:\\\/\\\/nievesenergia.com\\\/ca\\\/?s={search_term_string}\"},\"query-input\":{\"@type\":\"PropertyValueSpecification\",\"valueRequired\":true,\"valueName\":\"search_term_string\"}}],\"inLanguage\":\"ca\"},{\"@type\":\"Organization\",\"@id\":\"https:\\\/\\\/nievesenergia.com\\\/ca\\\/#organization\",\"name\":\"Nieves Energia\",\"url\":\"https:\\\/\\\/nievesenergia.com\\\/ca\\\/\",\"logo\":{\"@type\":\"ImageObject\",\"inLanguage\":\"ca\",\"@id\":\"https:\\\/\\\/nievesenergia.com\\\/ca\\\/#\\\/schema\\\/logo\\\/image\\\/\",\"url\":\"https:\\\/\\\/nievesenergia.com\\\/wp-content\\\/uploads\\\/2025\\\/08\\\/10273-PET_logotipo-blanco_naranja_NIEVES-CMYK.jpg\",\"contentUrl\":\"https:\\\/\\\/nievesenergia.com\\\/wp-content\\\/uploads\\\/2025\\\/08\\\/10273-PET_logotipo-blanco_naranja_NIEVES-CMYK.jpg\",\"width\":1576,\"height\":1576,\"caption\":\"Nieves Energia\"},\"image\":{\"@id\":\"https:\\\/\\\/nievesenergia.com\\\/ca\\\/#\\\/schema\\\/logo\\\/image\\\/\"},\"sameAs\":[\"https:\\\/\\\/www.facebook.com\\\/nievesenergia\",\"https:\\\/\\\/www.instagram.com\\\/nievesenergia\",\"https:\\\/\\\/www.linkedin.com\\\/company\\\/5115026\\\/admin\\\/dashboard\\\/\"]}]}<\/script>\n<!-- \/ Yoast SEO plugin. -->","yoast_head_json":{"title":"Missi\u00f3 i valors | Nieves Energ\u00eda","description":"M\u00e9s de 30 anys oferint solucions energ\u00e8tiques als nostres clients, prioritzant la proximitat i la personalitzaci\u00f3.","robots":{"index":"index","follow":"follow","max-snippet":"max-snippet:-1","max-image-preview":"max-image-preview:large","max-video-preview":"max-video-preview:-1"},"canonical":"https:\/\/nievesenergia.com\/ca\/coneix-nos\/missio-i-valors\/","og_locale":"ca_ES","og_type":"article","og_title":"Missi\u00f3 i valors | Nieves Energ\u00eda","og_description":"M\u00e9s de 30 anys oferint solucions energ\u00e8tiques als nostres clients, prioritzant la proximitat i la personalitzaci\u00f3.","og_url":"https:\/\/nievesenergia.com\/ca\/coneix-nos\/missio-i-valors\/","og_site_name":"Nieves Energia","article_publisher":"https:\/\/www.facebook.com\/nievesenergia","article_modified_time":"2025-05-12T12:00:50+00:00","og_image":[{"width":1576,"height":1576,"url":"https:\/\/nievesenergia.com\/wp-content\/uploads\/2025\/08\/10273-PET_logotipo-blanco_naranja_NIEVES-CMYK.jpg","type":"image\/jpeg"}],"twitter_card":"summary_large_image","twitter_misc":{"Temps estimat de lectura":"1 minut"},"schema":{"@context":"https:\/\/schema.org","@graph":[{"@type":"WebPage","@id":"https:\/\/nievesenergia.com\/ca\/coneix-nos\/missio-i-valors\/","url":"https:\/\/nievesenergia.com\/ca\/coneix-nos\/missio-i-valors\/","name":"Missi\u00f3 i valors | Nieves Energ\u00eda","isPartOf":{"@id":"https:\/\/nievesenergia.com\/ca\/#website"},"primaryImageOfPage":{"@id":"https:\/\/nievesenergia.com\/ca\/coneix-nos\/missio-i-valors\/#primaryimage"},"image":{"@id":"https:\/\/nievesenergia.com\/ca\/coneix-nos\/missio-i-valors\/#primaryimage"},"thumbnailUrl":"https:\/\/nievesenergia.com\/wp-content\/uploads\/2025\/08\/10273-PET_logotipo-blanco_naranja_NIEVES-CMYK.jpg","datePublished":"2024-11-18T08:56:18+00:00","dateModified":"2025-05-12T12:00:50+00:00","description":"M\u00e9s de 30 anys oferint solucions energ\u00e8tiques als nostres clients, prioritzant la proximitat i la personalitzaci\u00f3.","breadcrumb":{"@id":"https:\/\/nievesenergia.com\/ca\/coneix-nos\/missio-i-valors\/#breadcrumb"},"inLanguage":"ca","potentialAction":[{"@type":"ReadAction","target":["https:\/\/nievesenergia.com\/ca\/coneix-nos\/missio-i-valors\/"]}]},{"@type":"ImageObject","inLanguage":"ca","@id":"https:\/\/nievesenergia.com\/ca\/coneix-nos\/missio-i-valors\/#primaryimage","url":"https:\/\/nievesenergia.com\/wp-content\/uploads\/2025\/08\/10273-PET_logotipo-blanco_naranja_NIEVES-CMYK.jpg","contentUrl":"https:\/\/nievesenergia.com\/wp-content\/uploads\/2025\/08\/10273-PET_logotipo-blanco_naranja_NIEVES-CMYK.jpg","width":1576,"height":1576},{"@type":"BreadcrumbList","@id":"https:\/\/nievesenergia.com\/ca\/coneix-nos\/missio-i-valors\/#breadcrumb","itemListElement":[{"@type":"ListItem","position":1,"name":"Home","item":"https:\/\/nievesenergia.com\/ca\/"},{"@type":"ListItem","position":2,"name":"Coneix-nos","item":"https:\/\/nievesenergia.com\/ca\/?page_id=834"},{"@type":"ListItem","position":3,"name":"Missi\u00f3 i valors"}]},{"@type":"WebSite","@id":"https:\/\/nievesenergia.com\/ca\/#website","url":"https:\/\/nievesenergia.com\/ca\/","name":"Nieves Energia","description":"Nieves Energia - Familia de Energ\u00edas","publisher":{"@id":"https:\/\/nievesenergia.com\/ca\/#organization"},"potentialAction":[{"@type":"SearchAction","target":{"@type":"EntryPoint","urlTemplate":"https:\/\/nievesenergia.com\/ca\/?s={search_term_string}"},"query-input":{"@type":"PropertyValueSpecification","valueRequired":true,"valueName":"search_term_string"}}],"inLanguage":"ca"},{"@type":"Organization","@id":"https:\/\/nievesenergia.com\/ca\/#organization","name":"Nieves Energia","url":"https:\/\/nievesenergia.com\/ca\/","logo":{"@type":"ImageObject","inLanguage":"ca","@id":"https:\/\/nievesenergia.com\/ca\/#\/schema\/logo\/image\/","url":"https:\/\/nievesenergia.com\/wp-content\/uploads\/2025\/08\/10273-PET_logotipo-blanco_naranja_NIEVES-CMYK.jpg","contentUrl":"https:\/\/nievesenergia.com\/wp-content\/uploads\/2025\/08\/10273-PET_logotipo-blanco_naranja_NIEVES-CMYK.jpg","width":1576,"height":1576,"caption":"Nieves Energia"},"image":{"@id":"https:\/\/nievesenergia.com\/ca\/#\/schema\/logo\/image\/"},"sameAs":["https:\/\/www.facebook.com\/nievesenergia","https:\/\/www.instagram.com\/nievesenergia","https:\/\/www.linkedin.com\/company\/5115026\/admin\/dashboard\/"]}]}},"_links":{"self":[{"href":"https:\/\/nievesenergia.com\/ca\/wp-json\/wp\/v2\/pages\/8897","targetHints":{"allow":["GET"]}}],"collection":[{"href":"https:\/\/nievesenergia.com\/ca\/wp-json\/wp\/v2\/pages"}],"about":[{"href":"https:\/\/nievesenergia.com\/ca\/wp-json\/wp\/v2\/types\/page"}],"author":[{"embeddable":true,"href":"https:\/\/nievesenergia.com\/ca\/wp-json\/wp\/v2\/users\/3"}],"replies":[{"embeddable":true,"href":"https:\/\/nievesenergia.com\/ca\/wp-json\/wp\/v2\/comments?post=8897"}],"version-history":[{"count":5,"href":"https:\/\/nievesenergia.com\/ca\/wp-json\/wp\/v2\/pages\/8897\/revisions"}],"predecessor-version":[{"id":10311,"href":"https:\/\/nievesenergia.com\/ca\/wp-json\/wp\/v2\/pages\/8897\/revisions\/10311"}],"up":[{"embeddable":true,"href":"https:\/\/nievesenergia.com\/ca\/wp-json\/wp\/v2\/pages\/8903"}],"wp:featuredmedia":[{"embeddable":true,"href":"https:\/\/nievesenergia.com\/ca\/wp-json\/wp\/v2\/media\/15041"}],"wp:attachment":[{"href":"https:\/\/nievesenergia.com\/ca\/wp-json\/wp\/v2\/media?parent=8897"}],"curies":[{"name":"wp","href":"https:\/\/api.w.org\/{rel}","templated":true}]}}